{"id":13,"date":"2022-11-07T14:53:22","date_gmt":"2022-11-07T14:53:22","guid":{"rendered":"https:\/\/kadence.pixel-show.com\/influencer\/?page_id=13"},"modified":"2024-07-23T12:22:03","modified_gmt":"2024-07-23T12:22:03","slug":"wyksztalcenie-i-kursy","status":"publish","type":"page","link":"https:\/\/goodnews.edu.pl\/index.php\/wyksztalcenie-i-kursy\/","title":{"rendered":"Wykszta\u0142cenie i kursy"},"content":{"rendered":"<style>.kb-row-layout-id13_9e7193-b5 > .kt-row-column-wrap{align-content:start;}:where(.kb-row-layout-id13_9e7193-b5 > .kt-row-column-wrap) > .wp-block-kadence-column{justify-content:start;}.kb-row-layout-id13_9e7193-b5 > .kt-row-column-wrap{column-gap:var(--global-kb-gap-md, 2rem);row-gap:var(--global-kb-gap-md, 2rem);max-width:var( --global-content-width, 1290px );padding-left:var(--global-content-edge-padding);padding-right:var(--global-content-edge-padding);padding-top:60px;padding-bottom:60px;grid-template-columns:minmax(0, 1fr);}.kb-row-layout-id13_9e7193-b5 > .kt-row-layout-overlay{opacity:0.30;}@media all and (max-width: 1024px){.kb-row-layout-id13_9e7193-b5 > .kt-row-column-wrap{padding-top:60px;grid-template-columns:minmax(0, 1fr);}}@media all and (max-width: 767px){.kb-row-layout-id13_9e7193-b5 > .kt-row-column-wrap{padding-top:60px;padding-right:30px;padding-bottom:60px;padding-left:30px;grid-template-columns:minmax(0, 1fr);}}<\/style><div class=\"kb-row-layout-wrap kb-row-layout-id13_9e7193-b5 alignnone has-theme-palette8-background-color kt-row-has-bg wp-block-kadence-rowlayout\"><div class=\"kt-row-column-wrap kt-has-1-columns kt-row-layout-equal kt-tab-layout-inherit kt-mobile-layout-row kt-row-valign-top kb-theme-content-width\">\n<style>.kadence-column13_e02b53-14 > .kt-inside-inner-col,.kadence-column13_e02b53-14 > .kt-inside-inner-col:before{border-top-left-radius:0px;border-top-right-radius:0px;border-bottom-right-radius:0px;border-bottom-left-radius:0px;}.kadence-column13_e02b53-14 > .kt-inside-inner-col{column-gap:var(--global-kb-gap-sm, 1rem);}.kadence-column13_e02b53-14 > .kt-inside-inner-col{flex-direction:column;}.kadence-column13_e02b53-14 > .kt-inside-inner-col > .aligncenter{width:100%;}.kadence-column13_e02b53-14 > .kt-inside-inner-col:before{opacity:0.3;}.kadence-column13_e02b53-14{position:relative;}@media all and (max-width: 1024px){.kadence-column13_e02b53-14 > .kt-inside-inner-col{flex-direction:column;}}@media all and (max-width: 767px){.kadence-column13_e02b53-14 > .kt-inside-inner-col{flex-direction:column;}}<\/style>\n<div class=\"wp-block-kadence-column kadence-column13_e02b53-14 inner-column-1\"><div class=\"kt-inside-inner-col\"><style>.kb-row-layout-id13_0ca05e-ce > .kt-row-column-wrap{align-content:start;}:where(.kb-row-layout-id13_0ca05e-ce > .kt-row-column-wrap) > .wp-block-kadence-column{justify-content:start;}.kb-row-layout-id13_0ca05e-ce > .kt-row-column-wrap{column-gap:var(--global-kb-gap-md, 2rem);row-gap:var(--global-kb-gap-md, 2rem);max-width:600px;margin-left:auto;margin-right:auto;padding-top:0px;padding-bottom:0px;grid-template-columns:minmax(0, 1fr);}.kb-row-layout-id13_0ca05e-ce > .kt-row-layout-overlay{opacity:0.30;}@media all and (max-width: 1024px){.kb-row-layout-id13_0ca05e-ce > .kt-row-column-wrap{max-width:600px;margin-left:auto;margin-right:auto;grid-template-columns:minmax(0, 1fr);}}@media all and (max-width: 767px){.kb-row-layout-id13_0ca05e-ce > .kt-row-column-wrap{grid-template-columns:minmax(0, 1fr);}}<\/style><div class=\"kb-row-layout-wrap kb-row-layout-id13_0ca05e-ce alignnone wp-block-kadence-rowlayout\"><div class=\"kt-row-column-wrap kt-has-1-columns kt-row-layout-equal kt-tab-layout-inherit kt-mobile-layout-row kt-row-valign-top\">\n<style>.kadence-column13_035895-df > .kt-inside-inner-col,.kadence-column13_035895-df > .kt-inside-inner-col:before{border-top-left-radius:0px;border-top-right-radius:0px;border-bottom-right-radius:0px;border-bottom-left-radius:0px;}.kadence-column13_035895-df > .kt-inside-inner-col{column-gap:var(--global-kb-gap-sm, 1rem);}.kadence-column13_035895-df > .kt-inside-inner-col{flex-direction:column;}.kadence-column13_035895-df > .kt-inside-inner-col > .aligncenter{width:100%;}.kadence-column13_035895-df > .kt-inside-inner-col:before{opacity:0.3;}.kadence-column13_035895-df{position:relative;}@media all and (max-width: 1024px){.kadence-column13_035895-df > .kt-inside-inner-col{flex-direction:column;}}@media all and (max-width: 767px){.kadence-column13_035895-df > .kt-inside-inner-col{flex-direction:column;}}<\/style>\n<div class=\"wp-block-kadence-column kadence-column13_035895-df inner-column-1\"><div class=\"kt-inside-inner-col\"><style>.wp-block-kadence-advancedheading.kt-adv-heading13_59454f-35, .wp-block-kadence-advancedheading.kt-adv-heading13_59454f-35[data-kb-block=\"kb-adv-heading13_59454f-35\"]{margin-bottom:20px;text-align:center;font-size:70px;line-height:70px;font-style:normal;}.wp-block-kadence-advancedheading.kt-adv-heading13_59454f-35 mark, .wp-block-kadence-advancedheading.kt-adv-heading13_59454f-35[data-kb-block=\"kb-adv-heading13_59454f-35\"] mark{font-style:normal;color:#f76a0c;padding-top:0px;padding-right:0px;padding-bottom:0px;padding-left:0px;}@media all and (max-width: 1024px){.wp-block-kadence-advancedheading.kt-adv-heading13_59454f-35, .wp-block-kadence-advancedheading.kt-adv-heading13_59454f-35[data-kb-block=\"kb-adv-heading13_59454f-35\"]{font-size:55px;}}@media all and (max-width: 767px){.wp-block-kadence-advancedheading.kt-adv-heading13_59454f-35, .wp-block-kadence-advancedheading.kt-adv-heading13_59454f-35[data-kb-block=\"kb-adv-heading13_59454f-35\"]{font-size:45px;line-height:48px;}}<\/style>\n<h1 class=\"kt-adv-heading13_59454f-35 wp-block-kadence-advancedheading\" data-kb-block=\"kb-adv-heading13_59454f-35\">Wykszta\u0142cenie <br>&amp; Kursy<\/h1>\n\n\n<style>.wp-block-kadence-advancedheading.kt-adv-heading13_db5a6a-ea, .wp-block-kadence-advancedheading.kt-adv-heading13_db5a6a-ea[data-kb-block=\"kb-adv-heading13_db5a6a-ea\"]{text-align:center;font-style:normal;}.wp-block-kadence-advancedheading.kt-adv-heading13_db5a6a-ea mark, .wp-block-kadence-advancedheading.kt-adv-heading13_db5a6a-ea[data-kb-block=\"kb-adv-heading13_db5a6a-ea\"] mark{font-style:normal;color:#f76a0c;padding-top:0px;padding-right:0px;padding-bottom:0px;padding-left:0px;}<\/style>\n<p class=\"kt-adv-heading13_db5a6a-ea wp-block-kadence-advancedheading\" data-kb-block=\"kb-adv-heading13_db5a6a-ea\"><\/p>\n<\/div><\/div>\n\n<\/div><\/div><\/div><\/div>\n\n<\/div><\/div>\n\n<style>.kb-row-layout-id13_c0d8af-0e > .kt-row-column-wrap{align-content:start;}:where(.kb-row-layout-id13_c0d8af-0e > .kt-row-column-wrap) > .wp-block-kadence-column{justify-content:start;}.kb-row-layout-id13_c0d8af-0e > .kt-row-column-wrap{column-gap:var(--global-kb-gap-md, 2rem);row-gap:var(--global-kb-gap-md, 2rem);max-width:var( --global-content-width, 1290px );padding-left:var(--global-content-edge-padding);padding-right:var(--global-content-edge-padding);padding-top:0px;padding-right:20px;padding-bottom:20px;padding-left:20px;grid-template-columns:minmax(0, 1fr);}.kb-row-layout-id13_c0d8af-0e > .kt-row-layout-overlay{opacity:0.30;}@media all and (max-width: 1024px){.kb-row-layout-id13_c0d8af-0e > .kt-row-column-wrap{padding-top:60px;padding-right:150px;padding-bottom:0px;padding-left:150px;grid-template-columns:minmax(0, 1fr);}}@media all and (max-width: 767px){.kb-row-layout-id13_c0d8af-0e > .kt-row-column-wrap{padding-top:40px;padding-right:30px;padding-bottom:0px;padding-left:30px;grid-template-columns:minmax(0, 1fr);}}<\/style><div class=\"kb-row-layout-wrap kb-row-layout-id13_c0d8af-0e alignnone has-theme-palette8-background-color kt-row-has-bg wp-block-kadence-rowlayout\"><div class=\"kt-row-column-wrap kt-has-1-columns kt-row-layout-equal kt-tab-layout-inherit kt-mobile-layout-row kt-row-valign-top kb-theme-content-width\">\n<style>.kadence-column13_4c9f11-91, .kt-inside-inner-col > .kadence-column13_4c9f11-91:not(.specificity){margin-top:0px;margin-right:0px;margin-bottom:0px;margin-left:0px;}.kadence-column13_4c9f11-91 > .kt-inside-inner-col{padding-bottom:0px;}.kadence-column13_4c9f11-91 > .kt-inside-inner-col,.kadence-column13_4c9f11-91 > .kt-inside-inner-col:before{border-top-left-radius:0px;border-top-right-radius:0px;border-bottom-right-radius:0px;border-bottom-left-radius:0px;}.kadence-column13_4c9f11-91 > .kt-inside-inner-col{column-gap:var(--global-kb-gap-sm, 1rem);}.kadence-column13_4c9f11-91 > .kt-inside-inner-col{flex-direction:column;}.kadence-column13_4c9f11-91 > .kt-inside-inner-col > .aligncenter{width:100%;}.kadence-column13_4c9f11-91 > .kt-inside-inner-col:before{opacity:0.3;}.kadence-column13_4c9f11-91{position:relative;}@media all and (max-width: 1024px){.kadence-column13_4c9f11-91 > .kt-inside-inner-col{flex-direction:column;}}@media all and (max-width: 767px){.kadence-column13_4c9f11-91 > .kt-inside-inner-col{padding-bottom:0px;flex-direction:column;}}<\/style>\n<div class=\"wp-block-kadence-column kadence-column13_4c9f11-91 inner-column-1\"><div class=\"kt-inside-inner-col\"><style>.wp-block-kadence-advancedheading.kt-adv-heading13_694646-a6, .wp-block-kadence-advancedheading.kt-adv-heading13_694646-a6[data-kb-block=\"kb-adv-heading13_694646-a6\"]{font-style:normal;}.wp-block-kadence-advancedheading.kt-adv-heading13_694646-a6 mark, .wp-block-kadence-advancedheading.kt-adv-heading13_694646-a6[data-kb-block=\"kb-adv-heading13_694646-a6\"] mark{font-style:normal;color:#f76a0c;padding-top:0px;padding-right:0px;padding-bottom:0px;padding-left:0px;}<\/style>\n<h2 class=\"kt-adv-heading13_694646-a6 wp-block-kadence-advancedheading\" data-kb-block=\"kb-adv-heading13_694646-a6\"><strong>Wykszta\u0142cenie:<\/strong><\/h2>\n\n\n\n<p><br>\u2022 Dyplom uko\u0144czenia Nauczycielskiego Kolegium J\u0119zyk\u00f3w Obcych Promar-International \u2013 specjalno\u015b\u0107: j\u0119zyk angielski<br>\u2022 Dyplom uko\u0144czenia studi\u00f3w wy\u017cszych (Uniwersytet Jagiello\u0144ski) \u2013 filologia angielska<br>\u2022 Dyplom uko\u0144czenia uzupe\u0142niaj\u0105cych studi\u00f3w magisterskich (Uniwersytet Warszawski) \u2013 lingwistyka stosowana: specjalno\u015b\u0107 nauczycielska i t\u0142umaczeniowa z j\u0119zyka angielskiego<\/p>\n\n\n\n<h2><strong>Dodatkowe kursy:<\/strong><\/h2>\n\n\n\n<p><br>o Dyplom uko\u0144czenia Teacher Trainer Academy \u2013 DOS Teacher Training Solutions (trener nauczycieli j\u0119zyka angielskiego)<br>o Dwutygodniowy kurs metodyczny w Pilgrims (Canterbury, Anglia)<br>o Tygodniowy kurs: Communicative Methodology w Kent School of English (Anglia)<br>o Tygodniowy kurs: Language Practice for Teachers w Kent School of English (Anglia)<\/p>\n\n\n\n<h2><strong>Warsztaty i szkolenia metodyczne o nast\u0119puj\u0105cej tematyce:<\/strong><\/h2>\n\n\n\n<p><\/p>\n\n\n\n<ul class=\"wp-block-list\">\n<li>Liczne Konferencje IATEFL POLAND<\/li>\n\n\n\n<li>Liczne konferencje w ramach English Teaching Market<\/li>\n\n\n\n<li>The Lexical Classroom (DOS ELTea)<\/li>\n\n\n\n<li>Letnie Forum Nauczycieli J\u0119zyka Angielskiego Wojew\u00f3dztwa Podkarpackiego<\/li>\n\n\n\n<li>Konferencje w ramach SPRING PELT CONVENTION<\/li>\n\n\n\n<li>How to motivate Matura students: Top tips for busy teachers (OUP)<\/li>\n\n\n\n<li>Nowa podstawa programowa dla szk\u00f3\u0142 ponadpodstawowych (OUP)<\/li>\n\n\n\n<li>Insight into reading: the small print and the big picture (OUP)<\/li>\n\n\n\n<li>Team up for the best results (OUP)<\/li>\n\n\n\n<li>Flexible teaching, or how to motivate students who struggle to see the relevance of English to their own lives (OUP)<\/li>\n\n\n\n<li>Matura 2015 od kuchni (OUP)<\/li>\n\n\n\n<li>Oxford Explorers: Teaching the whole child (OUP)<\/li>\n\n\n\n<li>Motivating Digital Natives (OUP)<\/li>\n\n\n\n<li>Matura 2015. Wszystko o zmianie (OUP)<\/li>\n\n\n\n<li>Od strony biernej do strony czynnej\u2026 ucznia, czyli jak aktywizowa\u0107 gimnazjalist\u00f3w na lekcjach j\u0119zyka angielskiego (OUP)<\/li>\n\n\n\n<li>New Happy House a Nowa Podstawa Programowa (OUP)<\/li>\n\n\n\n<li>Egzamin z \u017cycia, czyli jak tworzy\u0107 ciekawe lekcje powt\u00f3rzeniowe dla maturzyst\u00f3w (OUP)<\/li>\n\n\n\n<li>W kierunku samodzielno\u015bci \u2013 czynniki motywuj\u0105ce w przygotowaniach do matury na poziomie podstawowym (OUP)<\/li>\n\n\n\n<li>Change at your fingertips \u2013 making digital sense (OUP)<\/li>\n\n\n\n<li>Zabawa wed\u0142ug planu czyli jak powinna wygl\u0105da\u0107 lekcja j\u0119zyka angielskiego w szkole podstawowej (OUP)<\/li>\n\n\n\n<li>Wst\u0119p do pracy z Europejskim Portoflio J\u0119zykowym (OUP)<\/li>\n\n\n\n<li>Techniki u\u0142atwiaj\u0105ce zapami\u0119tywanie wiadomo\u015bci (OUP)<\/li>\n\n\n\n<li>Zr\u00f3\u017cnicowane podej\u015bcie do nauczania j\u0119zyka angielskiego w klasach I-III i IV-VI szk\u00f3\u0142 podstawowych<\/li>\n\n\n\n<li>Nowe rozwi\u0105zania na now\u0105 matur\u0119 \u2013 rozwijanie p\u0142ynno\u015bci wypowiedzi ustnych na lekcjach j\u0119zyka angielskiego<\/li>\n\n\n\n<li>Innovation in Language Teaching: What does it Look Like in Practice? (Cambridge University Press)<\/li>\n\n\n\n<li>Theory and practice with primary learners (Cambridge)<\/li>\n\n\n\n<li>Strategically speaking about Gimnazjum exam success (Cambridge)<\/li>\n\n\n\n<li>Which comes first: the chicken or the egg? Language development of Exam preparation? (Cambridge)<\/li>\n\n\n\n<li>Writing: back 2 the future (Cambridge)<\/li>\n\n\n\n<li>Towards the Gimnazjum Grand Finale (Cambridge)<\/li>\n\n\n\n<li>Teachers dare: unforgettable lessons (Pearson)<\/li>\n\n\n\n<li>Making grammar alive (Pearson)<\/li>\n\n\n\n<li>Make Matura Manageable \u2013 with the 3 Ms\u2026 (Pearson)<\/li>\n\n\n\n<li>From little things, big things grow\u2026 (Pearson)<\/li>\n\n\n\n<li>4Ms \u2013 the Core of Successful Matura Preparation for Every Student (Pearson)<\/li>\n\n\n\n<li>21st Century Teaching for 21st Century Students (Pearson)<\/li>\n\n\n\n<li>M\u0105dra Cyfryzacja (Pearson)<\/li>\n\n\n\n<li>Being natural (Pearson)<\/li>\n\n\n\n<li>New exam, new challenges (Pearson)<\/li>\n\n\n\n<li>Optimising homework and exam preparation with MyEnglishLab (Pearson)<\/li>\n\n\n\n<li>From linguistic masala to controlled spontaneity (Pearson)<\/li>\n\n\n\n<li>Aspects of Culture (Pearson)<\/li>\n\n\n\n<li>Does blended learning really work? Learning awareness and learning technologies (Pearson)<\/li>\n\n\n\n<li>Matura &amp; Real Life \u2013 a healthy balance (Pearson)<\/li>\n\n\n\n<li>Developing vocabulary through digital media (Pearson)<\/li>\n\n\n\n<li>Interactive WhiteBoard \u2013 Interactive Classroom (Pearson)<\/li>\n\n\n\n<li>Motivate to Educate (Pearson)<\/li>\n\n\n\n<li>Reach for the Sky! (Pearson)<\/li>\n\n\n\n<li>Teacher Development Interactive: Fundamentals of teaching young learners (Pearson English Language Learning Solutions, NY)<\/li>\n\n\n\n<li>Using the right. English in use with upper secondary learners (Macmillan education)<\/li>\n\n\n\n<li>Teaching and exam preparation \u2013 a SOUND approach (Macmillan)<\/li>\n\n\n\n<li>Order, order! The teacher in the world of teenagers (Macmillan)<\/li>\n\n\n\n<li>Tuning up competent students \u2013 the challenge of speaking in high school (Macmillan)<\/li>\n\n\n\n<li>In search of balance: an interface between the teacher, the student and the coursebook (Macmillan)<\/li>\n\n\n\n<li>Conjunction junction: text-centred teaching of writing (Macmillan)<\/li>\n\n\n\n<li>The voice of reason or teaching vocabulary with an exam in mind (Macmillan)<\/li>\n\n\n\n<li>Matura presentation @ its best (Macmillan)<\/li>\n\n\n\n<li>Finding one way in a world of alternatives: teaching for life or preparing for the exam? (Macmillan)<\/li>\n\n\n\n<li>To err is human (Macmillan)<\/li>\n\n\n\n<li>Mission passable (Macmillan)<\/li>\n\n\n\n<li>Text nouveau \u2013 new reasons for \u2018doing\u2019 reading after all these years (Macmillan)<\/li>\n\n\n\n<li>Making assessment a friend not a foe (Macmillan)<\/li>\n\n\n\n<li>Where skills and lexis meet (Macmillan)<\/li>\n\n\n\n<li>Activating the dormant potential: awareness-raising activities (Macmillan)<\/li>\n\n\n\n<li>Leading the way in digital education (Express Publishing)<\/li>\n\n\n\n<li>Beef up your lessons with star ideas (Express Publishing)<\/li>\n\n\n\n<li>Teaching with a Touch of Spice (Express Publishing)<\/li>\n\n\n\n<li>From confidence to competence \u2013 creating the correct environment for skills development at primary level (Express Publishing)<\/li>\n\n\n\n<li>Teaching for the Test: the effects of competence based methodology on successful test preparation (Express Publishing)<\/li>\n\n\n\n<li>Maximising Your Students\u2019 Potential (Express Publishing)<\/li>\n\n\n\n<li>Generating and Maintaining Motivation in the Primary Classroom (Express Publishing)<\/li>\n\n\n\n<li>Intelligent Teaching. Exploiting Student\u2019s \u2018Multiple Intelligences\u2019 for More Effective Teaching (Express Publishing)<\/li>\n\n\n\n<li>Ciekawe I motywuj\u0105ce uczni\u00f3w lekcje w kontek\u015bcie przygotowania do egzaminu gimnazjalnego (Nowa Era)<\/li>\n\n\n\n<li>Sorytelling B.O. czyli o nauczaniu j\u0119zyk\u00f3w obcych poprzez historie dla ma\u0142ych i du\u017cych (PASE)<\/li>\n\n\n\n<li>Komunikacja w klasie j\u0119zykowej (PASE)<\/li>\n\n\n\n<li>S\u0142abszy, zdolny, geniusz, le\u0144 czyli jednak si\u0119 taki urodzi\u0142, co by wszystkim dogodzi\u0142 (PASE)<\/li>\n\n\n\n<li>Tworzymy! \u2013 czyli o rozwijaniu kreatywno\u015bci ucznia i nauczyciela (PASE)<\/li>\n\n\n\n<li>Hokus Pokus! Masz wp\u0142yw tu o teraz \u2013 czyli o nauczycielskich narz\u0119dziach pozytywnej perswazji (PASE)<\/li>\n\n\n\n<li>W ka\u017cdym z nas drzemie super lektor \u2013 czyli jak rozbudza\u0107 w\u0142asny potencja\u0142 i wyzwala\u0107 w uczniach to, co najlepsze (PASE)<\/li>\n\n\n\n<li>Apteczka pierwszej pomocy, czyli jak radzi\u0107 sobie w niespodziewanych i awaryjnych sytuacjach na zaj\u0119ciach j\u0119zykowych (PASE)<\/li>\n\n\n\n<li>Jak ci\u0119 s\u0142ysz\u0105 tak ci\u0119 pisz\u0105, czyli o nauczaniu wymowy (PASE)<\/li>\n\n\n\n<li>Lippy and Messy classes for very young learners (PASE)<\/li>\n\n\n\n<li>Jak w kalejdoskopie \u2013 wspieramy m\u0142odzie\u017c w konstruowaniu kariery (Dolno\u015bl\u0105ska Szko\u0142a Wy\u017csza w ramach EYP)<\/li>\n\n\n\n<li>Skuteczne wykorzystanie innowacyjnego systemu optymalizacji nauki s\u0142ownictwa Insta.Ling<\/li>\n\n\n\n<li>E-kszta\u0142cenie w kolegiach \u2013 nowe standardy (MEN, CODN Warszawa, KN w Bielsku-Bia\u0142ej)<\/li>\n\n\n\n<li>Wykorzystanie wynik\u00f3w egzaminu maturalnego do podnoszenia efektywno\u015bci nauczania (PCEN)<\/li>\n\n\n\n<li>Dzia\u0142alno\u015b\u0107 innowacyjna w szkole (PCEN)<\/li>\n<\/ul>\n<\/div><\/div>\n\n<\/div><\/div>","protected":false},"excerpt":{"rendered":"<p>Wykszta\u0142cenie &amp; Kursy Wykszta\u0142cenie: \u2022 Dyplom uko\u0144czenia Nauczycielskiego Kolegium J\u0119zyk\u00f3w Obcych Promar-International \u2013 specjalno\u015b\u0107: j\u0119zyk angielski\u2022 Dyplom uko\u0144czenia studi\u00f3w wy\u017cszych (Uniwersytet Jagiello\u0144ski) \u2013 filologia angielska\u2022 Dyplom uko\u0144czenia uzupe\u0142niaj\u0105cych studi\u00f3w magisterskich (Uniwersytet Warszawski) \u2013 lingwistyka stosowana: specjalno\u015b\u0107 nauczycielska i t\u0142umaczeniowa z j\u0119zyka angielskiego Dodatkowe kursy: o Dyplom uko\u0144czenia Teacher Trainer Academy \u2013 DOS Teacher Training Solutions&#8230;<\/p>\n","protected":false},"author":1,"featured_media":0,"parent":0,"menu_order":0,"comment_status":"closed","ping_status":"closed","template":"","meta":{"_kadence_starter_templates_imported_post":true,"_kad_post_transparent":"","_kad_post_title":"hide","_kad_post_layout":"fullwidth","_kad_post_sidebar_id":"","_kad_post_content_style":"unboxed","_kad_post_vertical_padding":"hide","_kad_post_feature":"hide","_kad_post_feature_position":"","_kad_post_header":false,"_kad_post_footer":false,"footnotes":""},"class_list":["post-13","page","type-page","status-publish","hentry"],"_links":{"self":[{"href":"https:\/\/goodnews.edu.pl\/index.php\/wp-json\/wp\/v2\/pages\/13","targetHints":{"allow":["GET"]}}],"collection":[{"href":"https:\/\/goodnews.edu.pl\/index.php\/wp-json\/wp\/v2\/pages"}],"about":[{"href":"https:\/\/goodnews.edu.pl\/index.php\/wp-json\/wp\/v2\/types\/page"}],"author":[{"embeddable":true,"href":"https:\/\/goodnews.edu.pl\/index.php\/wp-json\/wp\/v2\/users\/1"}],"replies":[{"embeddable":true,"href":"https:\/\/goodnews.edu.pl\/index.php\/wp-json\/wp\/v2\/comments?post=13"}],"version-history":[{"count":10,"href":"https:\/\/goodnews.edu.pl\/index.php\/wp-json\/wp\/v2\/pages\/13\/revisions"}],"predecessor-version":[{"id":768,"href":"https:\/\/goodnews.edu.pl\/index.php\/wp-json\/wp\/v2\/pages\/13\/revisions\/768"}],"wp:attachment":[{"href":"https:\/\/goodnews.edu.pl\/index.php\/wp-json\/wp\/v2\/media?parent=13"}],"curies":[{"name":"wp","href":"https:\/\/api.w.org\/{rel}","templated":true}]}}